{"id":1046,"date":"2023-04-21T16:56:42","date_gmt":"2023-04-21T14:56:42","guid":{"rendered":"https:\/\/corporate.multisite.gruppoflorence.it\/?page_id=1046"},"modified":"2025-12-11T16:58:55","modified_gmt":"2025-12-11T15:58:55","slug":"auxilium","status":"publish","type":"page","link":"https:\/\/www.gruppoflorence.it\/fr\/auxilium\/","title":{"rendered":"Auxilium"},"content":{"rendered":"","protected":false},"excerpt":{"rendered":"","protected":false},"author":11,"featured_media":0,"parent":0,"menu_order":0,"comment_status":"closed","ping_status":"closed","template":"","meta":{"_acf_changed":false,"footnotes":""},"class_list":["post-1046","page","type-page","status-publish","hentry"],"acf":[],"yoast_head":"<!-- This site is optimized with the Yoast SEO plugin v27.1.1 - https:\/\/yoast.com\/product\/yoast-seo-wordpress\/ -->\n<title>Auxilium, l&#039;engagement pour une mode durable - Gruppo Florence<\/title>\n<meta name=\"description\" content=\"Avec Auxylium, Gruppo Florence promeut les valeurs de durabilit\u00e9 sociale et \u00e9cologique dans les processus op\u00e9rationnels et commerciaux de l&#039;industrie de la mode de luxe.\" \/>\n<meta name=\"robots\" content=\"index, follow, max-snippet:-1, max-image-preview:large, max-video-preview:-1\" \/>\n<link rel=\"canonical\" href=\"https:\/\/www.gruppoflorence.it\/fr\/auxilium\/\" \/>\n<meta property=\"og:locale\" content=\"fr_FR\" \/>\n<meta property=\"og:type\" content=\"article\" \/>\n<meta property=\"og:title\" content=\"Auxilium, l&#039;engagement pour une mode durable - Gruppo Florence\" \/>\n<meta property=\"og:description\" content=\"Avec Auxylium, Gruppo Florence promeut les valeurs de durabilit\u00e9 sociale et \u00e9cologique dans les processus op\u00e9rationnels et commerciaux de l&#039;industrie de la mode de luxe.\" \/>\n<meta property=\"og:url\" content=\"https:\/\/www.gruppoflorence.it\/fr\/auxilium\/\" \/>\n<meta property=\"og:site_name\" content=\"Gruppo Florence\" \/>\n<meta property=\"article:modified_time\" content=\"2025-12-11T15:58:55+00:00\" \/>\n<meta name=\"twitter:card\" content=\"summary_large_image\" \/>\n<script type=\"application\/ld+json\" class=\"yoast-schema-graph\">{\"@context\":\"https:\/\/schema.org\",\"@graph\":[{\"@type\":\"WebPage\",\"@id\":\"https:\/\/www.gruppoflorence.it\/fr\/auxilium\/\",\"url\":\"https:\/\/www.gruppoflorence.it\/fr\/auxilium\/\",\"name\":\"Auxilium, l'engagement pour une mode durable - Gruppo Florence\",\"isPartOf\":{\"@id\":\"https:\/\/www.gruppoflorence.it\/#website\"},\"datePublished\":\"2023-04-21T14:56:42+00:00\",\"dateModified\":\"2025-12-11T15:58:55+00:00\",\"description\":\"Avec Auxylium, Gruppo Florence promeut les valeurs de durabilit\u00e9 sociale et \u00e9cologique dans les processus op\u00e9rationnels et commerciaux de l'industrie de la mode de luxe.\",\"inLanguage\":\"fr-FR\",\"potentialAction\":[{\"@type\":\"ReadAction\",\"target\":[\"https:\/\/www.gruppoflorence.it\/fr\/auxilium\/\"]}]},{\"@type\":\"WebSite\",\"@id\":\"https:\/\/www.gruppoflorence.it\/#website\",\"url\":\"https:\/\/www.gruppoflorence.it\/\",\"name\":\"Gruppo Florence\",\"description\":\"\",\"publisher\":{\"@id\":\"https:\/\/www.gruppoflorence.it\/#organization\"},\"potentialAction\":[{\"@type\":\"SearchAction\",\"target\":{\"@type\":\"EntryPoint\",\"urlTemplate\":\"https:\/\/www.gruppoflorence.it\/?s={search_term_string}\"},\"query-input\":{\"@type\":\"PropertyValueSpecification\",\"valueRequired\":true,\"valueName\":\"search_term_string\"}}],\"inLanguage\":\"fr-FR\"},{\"@type\":\"Organization\",\"@id\":\"https:\/\/www.gruppoflorence.it\/#organization\",\"name\":\"Gruppo Florence\",\"url\":\"https:\/\/www.gruppoflorence.it\/\",\"logo\":{\"@type\":\"ImageObject\",\"inLanguage\":\"fr-FR\",\"@id\":\"https:\/\/www.gruppoflorence.it\/#\/schema\/logo\/image\/\",\"url\":\"https:\/\/www.gruppoflorence.it\/wp-content\/uploads\/sites\/2\/2023\/04\/logo_esteso.png\",\"contentUrl\":\"https:\/\/www.gruppoflorence.it\/wp-content\/uploads\/sites\/2\/2023\/04\/logo_esteso.png\",\"width\":617,\"height\":260,\"caption\":\"Gruppo Florence\"},\"image\":{\"@id\":\"https:\/\/www.gruppoflorence.it\/#\/schema\/logo\/image\/\"}}]}<\/script>\n<!-- \/ Yoast SEO plugin. -->","yoast_head_json":{"title":"Auxilium, l'engagement pour une mode durable - Gruppo Florence","description":"Avec Auxylium, Gruppo Florence promeut les valeurs de durabilit\u00e9 sociale et \u00e9cologique dans les processus op\u00e9rationnels et commerciaux de l'industrie de la mode de luxe.","robots":{"index":"index","follow":"follow","max-snippet":"max-snippet:-1","max-image-preview":"max-image-preview:large","max-video-preview":"max-video-preview:-1"},"canonical":"https:\/\/www.gruppoflorence.it\/fr\/auxilium\/","og_locale":"fr_FR","og_type":"article","og_title":"Auxilium, l'engagement pour une mode durable - Gruppo Florence","og_description":"Avec Auxylium, Gruppo Florence promeut les valeurs de durabilit\u00e9 sociale et \u00e9cologique dans les processus op\u00e9rationnels et commerciaux de l'industrie de la mode de luxe.","og_url":"https:\/\/www.gruppoflorence.it\/fr\/auxilium\/","og_site_name":"Gruppo Florence","article_modified_time":"2025-12-11T15:58:55+00:00","twitter_card":"summary_large_image","schema":{"@context":"https:\/\/schema.org","@graph":[{"@type":"WebPage","@id":"https:\/\/www.gruppoflorence.it\/fr\/auxilium\/","url":"https:\/\/www.gruppoflorence.it\/fr\/auxilium\/","name":"Auxilium, l'engagement pour une mode durable - Gruppo Florence","isPartOf":{"@id":"https:\/\/www.gruppoflorence.it\/#website"},"datePublished":"2023-04-21T14:56:42+00:00","dateModified":"2025-12-11T15:58:55+00:00","description":"Avec Auxylium, Gruppo Florence promeut les valeurs de durabilit\u00e9 sociale et \u00e9cologique dans les processus op\u00e9rationnels et commerciaux de l'industrie de la mode de luxe.","inLanguage":"fr-FR","potentialAction":[{"@type":"ReadAction","target":["https:\/\/www.gruppoflorence.it\/fr\/auxilium\/"]}]},{"@type":"WebSite","@id":"https:\/\/www.gruppoflorence.it\/#website","url":"https:\/\/www.gruppoflorence.it\/","name":"Gruppo Florence","description":"","publisher":{"@id":"https:\/\/www.gruppoflorence.it\/#organization"},"potentialAction":[{"@type":"SearchAction","target":{"@type":"EntryPoint","urlTemplate":"https:\/\/www.gruppoflorence.it\/?s={search_term_string}"},"query-input":{"@type":"PropertyValueSpecification","valueRequired":true,"valueName":"search_term_string"}}],"inLanguage":"fr-FR"},{"@type":"Organization","@id":"https:\/\/www.gruppoflorence.it\/#organization","name":"Gruppo Florence","url":"https:\/\/www.gruppoflorence.it\/","logo":{"@type":"ImageObject","inLanguage":"fr-FR","@id":"https:\/\/www.gruppoflorence.it\/#\/schema\/logo\/image\/","url":"https:\/\/www.gruppoflorence.it\/wp-content\/uploads\/sites\/2\/2023\/04\/logo_esteso.png","contentUrl":"https:\/\/www.gruppoflorence.it\/wp-content\/uploads\/sites\/2\/2023\/04\/logo_esteso.png","width":617,"height":260,"caption":"Gruppo Florence"},"image":{"@id":"https:\/\/www.gruppoflorence.it\/#\/schema\/logo\/image\/"}}]}},"_links":{"self":[{"href":"https:\/\/www.gruppoflorence.it\/fr\/wp-json\/wp\/v2\/pages\/1046","targetHints":{"allow":["GET"]}}],"collection":[{"href":"https:\/\/www.gruppoflorence.it\/fr\/wp-json\/wp\/v2\/pages"}],"about":[{"href":"https:\/\/www.gruppoflorence.it\/fr\/wp-json\/wp\/v2\/types\/page"}],"author":[{"embeddable":true,"href":"https:\/\/www.gruppoflorence.it\/fr\/wp-json\/wp\/v2\/users\/11"}],"replies":[{"embeddable":true,"href":"https:\/\/www.gruppoflorence.it\/fr\/wp-json\/wp\/v2\/comments?post=1046"}],"version-history":[{"count":31,"href":"https:\/\/www.gruppoflorence.it\/fr\/wp-json\/wp\/v2\/pages\/1046\/revisions"}],"predecessor-version":[{"id":7415,"href":"https:\/\/www.gruppoflorence.it\/fr\/wp-json\/wp\/v2\/pages\/1046\/revisions\/7415"}],"wp:attachment":[{"href":"https:\/\/www.gruppoflorence.it\/fr\/wp-json\/wp\/v2\/media?parent=1046"}],"curies":[{"name":"wp","href":"https:\/\/api.w.org\/{rel}","templated":true}]}}