{"id":2039,"date":"2023-05-18T14:45:40","date_gmt":"2023-05-18T12:45:40","guid":{"rendered":"https:\/\/www.gruppoflorence.it\/?page_id=2039"},"modified":"2024-04-09T18:55:29","modified_gmt":"2024-04-09T16:55:29","slug":"media","status":"publish","type":"page","link":"https:\/\/www.gruppoflorence.it\/fr\/media\/","title":{"rendered":"Media"},"content":{"rendered":"","protected":false},"excerpt":{"rendered":"","protected":false},"author":4,"featured_media":0,"parent":0,"menu_order":0,"comment_status":"closed","ping_status":"closed","template":"","meta":{"_acf_changed":false,"footnotes":""},"class_list":["post-2039","page","type-page","status-publish","hentry"],"acf":[],"yoast_head":"<!-- This site is optimized with the Yoast SEO plugin v27.1.1 - https:\/\/yoast.com\/product\/yoast-seo-wordpress\/ -->\n<title>M\u00e9dias - Gruppo Florence<\/title>\n<meta name=\"description\" content=\"Entrez dans notre espace m\u00e9dia et d\u00e9couvrez les activit\u00e9s men\u00e9es par Gruppo Florence\" \/>\n<meta name=\"robots\" content=\"index, follow, max-snippet:-1, max-image-preview:large, max-video-preview:-1\" \/>\n<link rel=\"canonical\" href=\"https:\/\/www.gruppoflorence.it\/fr\/media\/\" \/>\n<meta property=\"og:locale\" content=\"fr_FR\" \/>\n<meta property=\"og:type\" content=\"article\" \/>\n<meta property=\"og:title\" content=\"M\u00e9dias - Gruppo Florence\" \/>\n<meta property=\"og:description\" content=\"Entrez dans notre espace m\u00e9dia et d\u00e9couvrez les activit\u00e9s men\u00e9es par Gruppo Florence\" \/>\n<meta property=\"og:url\" content=\"https:\/\/www.gruppoflorence.it\/fr\/media\/\" \/>\n<meta property=\"og:site_name\" content=\"Gruppo Florence\" \/>\n<meta property=\"article:modified_time\" content=\"2024-04-09T16:55:29+00:00\" \/>\n<meta name=\"twitter:card\" content=\"summary_large_image\" \/>\n<script type=\"application\/ld+json\" class=\"yoast-schema-graph\">{\"@context\":\"https:\/\/schema.org\",\"@graph\":[{\"@type\":\"WebPage\",\"@id\":\"https:\/\/www.gruppoflorence.it\/fr\/media\/\",\"url\":\"https:\/\/www.gruppoflorence.it\/fr\/media\/\",\"name\":\"M\u00e9dias - Gruppo Florence\",\"isPartOf\":{\"@id\":\"https:\/\/www.gruppoflorence.it\/#website\"},\"datePublished\":\"2023-05-18T12:45:40+00:00\",\"dateModified\":\"2024-04-09T16:55:29+00:00\",\"description\":\"Entrez dans notre espace m\u00e9dia et d\u00e9couvrez les activit\u00e9s men\u00e9es par Gruppo Florence\",\"inLanguage\":\"fr-FR\",\"potentialAction\":[{\"@type\":\"ReadAction\",\"target\":[\"https:\/\/www.gruppoflorence.it\/fr\/media\/\"]}]},{\"@type\":\"WebSite\",\"@id\":\"https:\/\/www.gruppoflorence.it\/#website\",\"url\":\"https:\/\/www.gruppoflorence.it\/\",\"name\":\"Gruppo Florence\",\"description\":\"\",\"publisher\":{\"@id\":\"https:\/\/www.gruppoflorence.it\/#organization\"},\"potentialAction\":[{\"@type\":\"SearchAction\",\"target\":{\"@type\":\"EntryPoint\",\"urlTemplate\":\"https:\/\/www.gruppoflorence.it\/?s={search_term_string}\"},\"query-input\":{\"@type\":\"PropertyValueSpecification\",\"valueRequired\":true,\"valueName\":\"search_term_string\"}}],\"inLanguage\":\"fr-FR\"},{\"@type\":\"Organization\",\"@id\":\"https:\/\/www.gruppoflorence.it\/#organization\",\"name\":\"Gruppo Florence\",\"url\":\"https:\/\/www.gruppoflorence.it\/\",\"logo\":{\"@type\":\"ImageObject\",\"inLanguage\":\"fr-FR\",\"@id\":\"https:\/\/www.gruppoflorence.it\/#\/schema\/logo\/image\/\",\"url\":\"https:\/\/www.gruppoflorence.it\/wp-content\/uploads\/sites\/2\/2023\/04\/logo_esteso.png\",\"contentUrl\":\"https:\/\/www.gruppoflorence.it\/wp-content\/uploads\/sites\/2\/2023\/04\/logo_esteso.png\",\"width\":617,\"height\":260,\"caption\":\"Gruppo Florence\"},\"image\":{\"@id\":\"https:\/\/www.gruppoflorence.it\/#\/schema\/logo\/image\/\"}}]}<\/script>\n<!-- \/ Yoast SEO plugin. -->","yoast_head_json":{"title":"M\u00e9dias - Gruppo Florence","description":"Entrez dans notre espace m\u00e9dia et d\u00e9couvrez les activit\u00e9s men\u00e9es par Gruppo Florence","robots":{"index":"index","follow":"follow","max-snippet":"max-snippet:-1","max-image-preview":"max-image-preview:large","max-video-preview":"max-video-preview:-1"},"canonical":"https:\/\/www.gruppoflorence.it\/fr\/media\/","og_locale":"fr_FR","og_type":"article","og_title":"M\u00e9dias - Gruppo Florence","og_description":"Entrez dans notre espace m\u00e9dia et d\u00e9couvrez les activit\u00e9s men\u00e9es par Gruppo Florence","og_url":"https:\/\/www.gruppoflorence.it\/fr\/media\/","og_site_name":"Gruppo Florence","article_modified_time":"2024-04-09T16:55:29+00:00","twitter_card":"summary_large_image","schema":{"@context":"https:\/\/schema.org","@graph":[{"@type":"WebPage","@id":"https:\/\/www.gruppoflorence.it\/fr\/media\/","url":"https:\/\/www.gruppoflorence.it\/fr\/media\/","name":"M\u00e9dias - Gruppo Florence","isPartOf":{"@id":"https:\/\/www.gruppoflorence.it\/#website"},"datePublished":"2023-05-18T12:45:40+00:00","dateModified":"2024-04-09T16:55:29+00:00","description":"Entrez dans notre espace m\u00e9dia et d\u00e9couvrez les activit\u00e9s men\u00e9es par Gruppo Florence","inLanguage":"fr-FR","potentialAction":[{"@type":"ReadAction","target":["https:\/\/www.gruppoflorence.it\/fr\/media\/"]}]},{"@type":"WebSite","@id":"https:\/\/www.gruppoflorence.it\/#website","url":"https:\/\/www.gruppoflorence.it\/","name":"Gruppo Florence","description":"","publisher":{"@id":"https:\/\/www.gruppoflorence.it\/#organization"},"potentialAction":[{"@type":"SearchAction","target":{"@type":"EntryPoint","urlTemplate":"https:\/\/www.gruppoflorence.it\/?s={search_term_string}"},"query-input":{"@type":"PropertyValueSpecification","valueRequired":true,"valueName":"search_term_string"}}],"inLanguage":"fr-FR"},{"@type":"Organization","@id":"https:\/\/www.gruppoflorence.it\/#organization","name":"Gruppo Florence","url":"https:\/\/www.gruppoflorence.it\/","logo":{"@type":"ImageObject","inLanguage":"fr-FR","@id":"https:\/\/www.gruppoflorence.it\/#\/schema\/logo\/image\/","url":"https:\/\/www.gruppoflorence.it\/wp-content\/uploads\/sites\/2\/2023\/04\/logo_esteso.png","contentUrl":"https:\/\/www.gruppoflorence.it\/wp-content\/uploads\/sites\/2\/2023\/04\/logo_esteso.png","width":617,"height":260,"caption":"Gruppo Florence"},"image":{"@id":"https:\/\/www.gruppoflorence.it\/#\/schema\/logo\/image\/"}}]}},"_links":{"self":[{"href":"https:\/\/www.gruppoflorence.it\/fr\/wp-json\/wp\/v2\/pages\/2039","targetHints":{"allow":["GET"]}}],"collection":[{"href":"https:\/\/www.gruppoflorence.it\/fr\/wp-json\/wp\/v2\/pages"}],"about":[{"href":"https:\/\/www.gruppoflorence.it\/fr\/wp-json\/wp\/v2\/types\/page"}],"author":[{"embeddable":true,"href":"https:\/\/www.gruppoflorence.it\/fr\/wp-json\/wp\/v2\/users\/4"}],"replies":[{"embeddable":true,"href":"https:\/\/www.gruppoflorence.it\/fr\/wp-json\/wp\/v2\/comments?post=2039"}],"version-history":[{"count":10,"href":"https:\/\/www.gruppoflorence.it\/fr\/wp-json\/wp\/v2\/pages\/2039\/revisions"}],"predecessor-version":[{"id":5499,"href":"https:\/\/www.gruppoflorence.it\/fr\/wp-json\/wp\/v2\/pages\/2039\/revisions\/5499"}],"wp:attachment":[{"href":"https:\/\/www.gruppoflorence.it\/fr\/wp-json\/wp\/v2\/media?parent=2039"}],"curies":[{"name":"wp","href":"https:\/\/api.w.org\/{rel}","templated":true}]}}